{"id":404,"date":"2025-03-09T22:11:04","date_gmt":"2025-03-09T21:11:04","guid":{"rendered":"https:\/\/bcmeter.org\/?page_id=404"},"modified":"2025-03-09T22:11:31","modified_gmt":"2025-03-09T21:11:31","slug":"emission-control-device-ebcmeter","status":"publish","type":"page","link":"https:\/\/bcmeter.org\/de\/emission-control-device-ebcmeter\/","title":{"rendered":"Emissionskontrollger\u00e4t eBcMeter"},"content":{"rendered":"<div class=\"wpb-content-wrapper\"><div class=\"vc_row wpb_row vc_row-fluid\"><div class=\"wpb_column vc_column_container vc_col-sm-12\"><div class=\"vc_column-inner\"><div class=\"wpb_wrapper\">\n\t<div class=\"wpb_text_column wpb_content_element\" >\n\t\t<div class=\"wpb_wrapper\">\n\t\t\t<h2>Was ist der eBcMeter?<\/h2>\n\n\t\t<\/div>\n\t<\/div>\n<\/div><\/div><\/div><\/div><div class=\"vc_row wpb_row vc_row-fluid\"><div class=\"wpb_column vc_column_container vc_col-sm-12\"><div class=\"vc_column-inner\"><div class=\"wpb_wrapper\">\n\t<div class=\"wpb_text_column wpb_content_element\" >\n\t\t<div class=\"wpb_wrapper\">\n\t\t\t<p>Auf Basis der bcMeter-Technologie haben wir den eBcMeter entwickelt. Dieses Ger\u00e4t misst Emissionen von Holz\u00f6fen direkt.<\/p>\n\n\t\t<\/div>\n\t<\/div>\n\n\t<div class=\"wpb_text_column wpb_content_element\" >\n\t\t<div class=\"wpb_wrapper\">\n\t\t\t<p>Historically, wood stoves did not require NPTI certification because they lacked emission reduction devices. With the introduction of Blue Angel wood stoves\u2014which now incorporate oxidation catalysts and electrostatic precipitators\u2014durability testing has become necessary, similar to that performed on cars and trucks. The eBcMeter applies the optical absorption principle to provide reliable emission measurements.<\/p>\n\n\t\t<\/div>\n\t<\/div>\n<\/div><\/div><\/div><\/div><div class=\"vc_row wpb_row vc_row-fluid\"><div class=\"wpb_column vc_column_container vc_col-sm-6\"><div class=\"vc_column-inner\"><div class=\"wpb_wrapper\">\n\t<div class=\"wpb_text_column wpb_content_element\" >\n\t\t<div class=\"wpb_wrapper\">\n\t\t\t<p>Warum Holzofen-Emissionen reduzieren?<\/p>\n<p>\u00bb Vorzeitige Todesf\u00e4lle und PM2.5:<br \/>\n\u00dcber 63.000 vorzeitige Todesf\u00e4lle pro Jahr in Deutschland werden mit PM2.5-Partikeln in Verbindung gebracht (EEA 2020).<\/p>\n<p>\u00bb COVID-19-Zusammenhang:<br \/>\nStudien deuten auf einen Zusammenhang zwischen COVID-19-Schweregrad und Vorerkrankungen, die durch Feinstaub verschlimmert werden k\u00f6nnen.<\/p>\n<p>\u00bb L\u00fcckenhafte Luftdaten:<br \/>\nViele Messstationen erfassen vor allem gr\u00f6\u00dfere Partikel und \u00fcbersehen m\u00f6glicherweise den Beitrag feiner Partikel.<\/p>\n<p>\u00bb Messgrenzen:<br \/>\nBestehende Stationen erf\u00fcllen teilweise nicht die WHO-Luftqualit\u00e4tsrichtlinien (AQG).<\/p>\n\n\t\t<\/div>\n\t<\/div>\n<\/div><\/div><\/div><div class=\"wpb_column vc_column_container vc_col-sm-6\"><div class=\"vc_column-inner\"><div class=\"wpb_wrapper\">\n\t<div class=\"wpb_text_column wpb_content_element\" >\n\t\t<div class=\"wpb_wrapper\">\n\t\t\t<p>Wie lassen sich Holzofen-Emissionen reduzieren?<\/p>\n<p>Das deutsche Umweltzeichen Blauer Engel f\u00fcr Kamin\u00f6fen, entwickelt von DUH und Axel Friedrich, stellt u.a. folgende Anforderungen:<\/p>\n<p>\u2013 Electrostatic precipitators (ESP)<br \/>\n\u2013 Catalytic converters<br \/>\n\u2013 Electronic combustion air controls<\/p>\n<p>Mehrere \u00d6fen setzen diese Technologien bereits ein, sind aktuell aber noch teurer.<\/p>\n\n\t\t<\/div>\n\t<\/div>\n<\/div><\/div><\/div><\/div><div class=\"vc_row wpb_row vc_row-fluid\"><div class=\"wpb_column vc_column_container vc_col-sm-12\"><div class=\"vc_column-inner\"><div class=\"wpb_wrapper\">\n\t<div  class=\"wpb_single_image wpb_content_element vc_align_center wpb_content_element\">\n\t\t\n\t\t<figure class=\"wpb_wrapper vc_figure\">\n\t\t\t<div class=\"vc_single_image-wrapper   vc_box_border_grey\"><img loading=\"lazy\" decoding=\"async\" width=\"2626\" height=\"1170\" src=\"https:\/\/bcmeter.org\/wp-content\/uploads\/2024\/06\/Particle_Precipitator.png\" class=\"vc_single_image-img attachment-full\" alt=\"\" title=\"Particle_Precipitator\" srcset=\"https:\/\/bcmeter.org\/wp-content\/uploads\/2024\/06\/Particle_Precipitator.png 2626w, https:\/\/bcmeter.org\/wp-content\/uploads\/2024\/06\/Particle_Precipitator-300x134.png 300w, https:\/\/bcmeter.org\/wp-content\/uploads\/2024\/06\/Particle_Precipitator-1024x456.png 1024w, https:\/\/bcmeter.org\/wp-content\/uploads\/2024\/06\/Particle_Precipitator-768x342.png 768w, https:\/\/bcmeter.org\/wp-content\/uploads\/2024\/06\/Particle_Precipitator-1536x684.png 1536w, https:\/\/bcmeter.org\/wp-content\/uploads\/2024\/06\/Particle_Precipitator-2048x912.png 2048w\" sizes=\"auto, (max-width: 2626px) 100vw, 2626px\" \/><\/div>\n\t\t<\/figure>\n\t<\/div>\n<\/div><\/div><\/div><\/div><div class=\"vc_row wpb_row vc_row-fluid\"><div class=\"wpb_column vc_column_container vc_col-sm-12\"><div class=\"vc_column-inner\"><div class=\"wpb_wrapper\"><div class=\"vc_btn3-container vc_btn3-inline vc_do_btn\" ><a class=\"vc_general vc_btn3 vc_btn3-size-md vc_btn3-shape-rounded vc_btn3-style-modern vc_btn3-color-blue\" href=\"https:\/\/bcmeter.org\/order\/\" title=\"Bestellen\">Bestellinformationen anfragen<\/a><\/div><\/div><\/div><\/div><\/div>\n<\/div>","protected":false},"excerpt":{"rendered":"What is the eBcMeter? Based on the technology used in the bcMeter, we developed the eBcMeter. This instrument is designed for directly measuring emissions from wood stoves. Historically, wood stoves did not require NPTI certification because they lacked emission reduction devices. With the introduction of&nbsp;<a class=\"read-more\" href=\"https:\/\/bcmeter.org\/de\/emission-control-device-ebcmeter\/\">&hellip;<\/a>","protected":false},"author":1,"featured_media":0,"parent":0,"menu_order":0,"comment_status":"closed","ping_status":"closed","template":"","meta":{"footnotes":""},"class_list":["post-404","page","type-page","status-publish","hentry"],"_links":{"self":[{"href":"https:\/\/bcmeter.org\/de\/wp-json\/wp\/v2\/pages\/404","targetHints":{"allow":["GET"]}}],"collection":[{"href":"https:\/\/bcmeter.org\/de\/wp-json\/wp\/v2\/pages"}],"about":[{"href":"https:\/\/bcmeter.org\/de\/wp-json\/wp\/v2\/types\/page"}],"author":[{"embeddable":true,"href":"https:\/\/bcmeter.org\/de\/wp-json\/wp\/v2\/users\/1"}],"replies":[{"embeddable":true,"href":"https:\/\/bcmeter.org\/de\/wp-json\/wp\/v2\/comments?post=404"}],"version-history":[{"count":2,"href":"https:\/\/bcmeter.org\/de\/wp-json\/wp\/v2\/pages\/404\/revisions"}],"predecessor-version":[{"id":406,"href":"https:\/\/bcmeter.org\/de\/wp-json\/wp\/v2\/pages\/404\/revisions\/406"}],"wp:attachment":[{"href":"https:\/\/bcmeter.org\/de\/wp-json\/wp\/v2\/media?parent=404"}],"curies":[{"name":"wp","href":"https:\/\/api.w.org\/{rel}","templated":true}]}}