{"id":521,"date":"2026-02-20T15:12:27","date_gmt":"2026-02-20T14:12:27","guid":{"rendered":"https:\/\/bcmeter.org\/privacy-statement-eu\/"},"modified":"2026-02-20T15:12:27","modified_gmt":"2026-02-20T14:12:27","slug":"privacy-statement-eu","status":"publish","type":"page","link":"https:\/\/bcmeter.org\/de\/privacy-statement-eu\/","title":{"rendered":"Datenschutzerkl\u00e4rung (EU)"},"content":{"rendered":"<!-- Legal document generated by Complianz | GDPR\/CCPA Cookie Consent https:\/\/wordpress.org\/plugins\/complianz-gdpr -->\n<div id=\"cmplz-document\" class=\"cmplz-document privacy-statement cmplz-document-eu\"><h2>1. Zweck, Daten und Aufbewahrungsdauer<\/h2>Wir k\u00f6nnen personenbezogene Daten f\u00fcr verschiedene Zwecke im Zusammenhang mit unserem Gesch\u00e4ftsbetrieb erheben oder erhalten, darunter die folgenden: (zum Erweitern klicken)<details class=\"cmplz-dropdown dropdown-privacy-statement\"><summary><div><h3>1.1 Kontakt \u2013 Per Telefon, Post, E-Mail und\/oder Webformulare<\/h3><\/div><\/summary><p class=\"cmplz-subtitle\">Zu diesem Zweck verwenden wir folgende Daten:<\/p><p><ul><li>Vor- und Nachname<\/li><li>Kontoname oder Alias<\/li><li>Eine Wohn- oder andere physische Adresse, einschlie\u00dflich Stra\u00dfenname und Name einer Stadt oder Gemeinde<\/li><li>Eine E-Mail-Adresse<\/li><li>IP-Adresse<\/li><li>Standortdaten<\/li><\/ul><\/p><p class=\"cmplz-subtitle\">Die Grundlage, auf der wir diese Daten verarbeiten d\u00fcrfen, ist:<\/p><p><a target=\"_blank\" rel=\"noopener noreferrer nofollow\" href=\"https:\/\/cookiedatabase.org\/legal-bases\/#consent\">Auf Basis der erteilten Einwilligung.<\/a><\/p><p class=\"cmplz-subtitle\">Aufbewahrungsdauer<\/p><p>Wir bewahren diese Daten auf, bis der Dienst beendet wird.<\/p><\/details><details class=\"cmplz-dropdown dropdown-privacy-statement\"><summary><div><h3>1.2 Zur Unterst\u00fctzung von Dienstleistungen oder Produkten, die ein Kunde kaufen m\u00f6chte oder gekauft hat<\/h3><\/div><\/summary><p class=\"cmplz-subtitle\">Zu diesem Zweck verwenden wir folgende Daten:<\/p><p><ul><li>Vor- und Nachname<\/li><li>Kontoname oder Alias<\/li><li>Eine Wohn- oder andere physische Adresse, einschlie\u00dflich Stra\u00dfenname und Name einer Stadt oder Gemeinde<\/li><li>Eine E-Mail-Adresse<\/li><li>Eine Telefonnummer<\/li><li>IP-Adresse<\/li><li>Standortdaten<\/li><\/ul><\/p><p class=\"cmplz-subtitle\">Die Grundlage, auf der wir diese Daten verarbeiten d\u00fcrfen, ist:<\/p><p><a target=\"_blank\" rel=\"noopener noreferrer nofollow\" href=\"https:\/\/cookiedatabase.org\/legal-bases\/#consent\">Auf Basis der erteilten Einwilligung.<\/a><\/p><p class=\"cmplz-subtitle\">Aufbewahrungsdauer<\/p><p>Wir bewahren diese Daten auf, bis der Dienst beendet wird.<\/p><\/details><details class=\"cmplz-dropdown dropdown-privacy-statement\"><summary><div><h3>1.3 Um personalisierte Produkte und Dienstleistungen anbieten zu k\u00f6nnen<\/h3><\/div><\/summary><p class=\"cmplz-subtitle\">Zu diesem Zweck verwenden wir folgende Daten:<\/p><p><ul><li>Vor- und Nachname<\/li><li>Kontoname oder Alias<\/li><li>Eine Wohn- oder andere physische Adresse, einschlie\u00dflich Stra\u00dfenname und Name einer Stadt oder Gemeinde<\/li><li>Eine E-Mail-Adresse<\/li><li>Eine Telefonnummer<\/li><li>IP-Adresse<\/li><li>Standortdaten<\/li><\/ul><\/p><p class=\"cmplz-subtitle\">Die Grundlage, auf der wir diese Daten verarbeiten d\u00fcrfen, ist:<\/p><p><a target=\"_blank\" rel=\"noopener noreferrer nofollow\" href=\"https:\/\/cookiedatabase.org\/legal-bases\/#consent\">Auf Basis der erteilten Einwilligung.<\/a><\/p><p class=\"cmplz-subtitle\">Aufbewahrungsdauer<\/p><p>Wir bewahren diese Daten auf, bis der Dienst beendet wird.<\/p><\/details><details class=\"cmplz-dropdown dropdown-privacy-statement\"><summary><div><h3>1.4 Lieferungen<\/h3><\/div><\/summary><p class=\"cmplz-subtitle\">Zu diesem Zweck verwenden wir folgende Daten:<\/p><p><ul><li>Vor- und Nachname<\/li><li>Kontoname oder Alias<\/li><li>Eine Wohn- oder andere physische Adresse, einschlie\u00dflich Stra\u00dfenname und Name einer Stadt oder Gemeinde<\/li><li>Eine Telefonnummer<\/li><li>Eine E-Mail-Adresse<\/li><li>IP-Adresse<\/li><li>Standortdaten<\/li><\/ul><\/p><p class=\"cmplz-subtitle\">Die Grundlage, auf der wir diese Daten verarbeiten d\u00fcrfen, ist:<\/p><p><a target=\"_blank\" rel=\"noopener noreferrer nofollow\" href=\"https:\/\/cookiedatabase.org\/legal-bases\/#consent\">Auf Basis der erteilten Einwilligung.<\/a><\/p><p class=\"cmplz-subtitle\">Aufbewahrungsdauer<\/p><p>Wir bewahren diese Daten auf, bis der Dienst beendet wird.<\/p><\/details><details class=\"cmplz-dropdown dropdown-privacy-statement\"><summary><div><h3>1.5 Zahlungen<\/h3><\/div><\/summary><p class=\"cmplz-subtitle\">Zu diesem Zweck verwenden wir folgende Daten:<\/p><p><ul><li>Vor- und Nachname<\/li><li>Kontoname oder Alias<\/li><li>Eine Wohn- oder andere physische Adresse, einschlie\u00dflich Stra\u00dfenname und Name einer Stadt oder Gemeinde<\/li><li>Eine E-Mail-Adresse<\/li><li>IP-Adresse<\/li><li>Standortdaten<\/li><\/ul><\/p><p class=\"cmplz-subtitle\">Die Grundlage, auf der wir diese Daten verarbeiten d\u00fcrfen, ist:<\/p><p><a target=\"_blank\" rel=\"noopener noreferrer nofollow\" href=\"https:\/\/cookiedatabase.org\/legal-bases\/#consent\">Auf Basis der erteilten Einwilligung.<\/a><\/p><p class=\"cmplz-subtitle\">Aufbewahrungsdauer<\/p><p>Wir bewahren diese Daten auf, bis der Dienst beendet wird.<\/p><\/details><details class=\"cmplz-dropdown dropdown-privacy-statement\"><summary><div><h3>1.6 Registrierung eines Kontos<\/h3><\/div><\/summary><p class=\"cmplz-subtitle\">Zu diesem Zweck verwenden wir folgende Daten:<\/p><p><ul><li>Vor- und Nachname<\/li><li>Kontoname oder Alias<\/li><li>Eine E-Mail-Adresse<\/li><li>Eine Telefonnummer<\/li><li>IP-Adresse<\/li><li>Standortdaten<\/li><\/ul><\/p><p class=\"cmplz-subtitle\">Die Grundlage, auf der wir diese Daten verarbeiten d\u00fcrfen, ist:<\/p><p><a target=\"_blank\" rel=\"noopener noreferrer nofollow\" href=\"https:\/\/cookiedatabase.org\/legal-bases\/#consent\">Auf Basis der erteilten Einwilligung.<\/a><\/p><p class=\"cmplz-subtitle\">Aufbewahrungsdauer<\/p><p>Wir bewahren diese Daten auf, bis der Dienst beendet wird.<\/p><\/details><\/div>","protected":false},"excerpt":{"rendered":"1. Purpose, data and retention periodWe may collect or receive personal information for a number of purposes connected with our business operations which may include the following: (click to expand)1.1 Contact - Through phone, mail, email and\/or webformsFor this purpose we use the following data:A&nbsp;<a class=\"read-more\" href=\"https:\/\/bcmeter.org\/de\/privacy-statement-eu\/\">&hellip;<\/a>","protected":false},"author":1,"featured_media":0,"parent":0,"menu_order":0,"comment_status":"closed","ping_status":"closed","template":"","meta":{"footnotes":""},"class_list":["post-521","page","type-page","status-publish","hentry"],"_links":{"self":[{"href":"https:\/\/bcmeter.org\/de\/wp-json\/wp\/v2\/pages\/521","targetHints":{"allow":["GET"]}}],"collection":[{"href":"https:\/\/bcmeter.org\/de\/wp-json\/wp\/v2\/pages"}],"about":[{"href":"https:\/\/bcmeter.org\/de\/wp-json\/wp\/v2\/types\/page"}],"author":[{"embeddable":true,"href":"https:\/\/bcmeter.org\/de\/wp-json\/wp\/v2\/users\/1"}],"replies":[{"embeddable":true,"href":"https:\/\/bcmeter.org\/de\/wp-json\/wp\/v2\/comments?post=521"}],"version-history":[{"count":0,"href":"https:\/\/bcmeter.org\/de\/wp-json\/wp\/v2\/pages\/521\/revisions"}],"wp:attachment":[{"href":"https:\/\/bcmeter.org\/de\/wp-json\/wp\/v2\/media?parent=521"}],"curies":[{"name":"wp","href":"https:\/\/api.w.org\/{rel}","templated":true}]}}