{"id":592,"date":"2026-03-24T22:18:49","date_gmt":"2026-03-24T21:18:49","guid":{"rendered":"https:\/\/bcmeter.org\/impressum\/"},"modified":"2026-03-24T22:18:49","modified_gmt":"2026-03-24T21:18:49","slug":"impressum","status":"publish","type":"page","link":"https:\/\/bcmeter.org\/de\/impressum\/","title":{"rendered":"Impressum"},"content":{"rendered":"<h2>Angaben gem\u00e4\u00df \u00a7 5 DDG (Digitale-Dienste-Gesetz)<\/h2>\n<h3>Betreiber der Website<\/h3>\n<p>Jonas Dahl-Jasper<br \/>\nHertastra\u00dfe 2<br \/>\n14169 Berlin<br \/>\nDeutschland<\/p>\n<h3>Kontakt<\/h3>\n<p>Telefon: +49 (0) 30 914 68 205<br \/>\nE-Mail: <a href=\"mailto:jd@bcmeter.org\">jd@bcmeter.org<\/a><\/p>\n<h3>Umsatzsteuer-Identifikationsnummer<\/h3>\n<p>USt-IdNr. gem\u00e4\u00df \u00a7 27a UStG: <strong>DE269425688<\/strong><\/p>\n<h3>Verpackungsregistrierung<\/h3>\n<p>Registriert bei der Zentralen Stelle Verpackungsregister (LUCID) gem\u00e4\u00df \u00a7 9 VerpackG:<br \/>\n<strong>DE5033804784398<\/strong><\/p>\n<h3>Verantwortlich f\u00fcr den Inhalt<\/h3>\n<p>Jonas Dahl-Jasper (Anschrift wie oben)<br \/>\ngem\u00e4\u00df \u00a7 18 Abs. 2 MStV<\/p>\n<h3>Regulatorische Konformit\u00e4t<\/h3>\n<p>Das bcMeter-Ger\u00e4t befindet sich derzeit im Zertifizierungsprozess. Folgende Konformit\u00e4tsbewertungen stehen aus:<\/p>\n<ul>\n<li><strong>CE-Kennzeichnung<\/strong> (EU) \u2014 ausstehend<\/li>\n<li><strong>RED<\/strong> (Funkanlagenrichtlinie 2014\/53\/EU) \u2014 ausstehend<\/li>\n<li><strong>FCC<\/strong> (Federal Communications Commission, USA) \u2014 ausstehend<\/li>\n<\/ul>\n<p>Ger\u00e4te, die vor Abschluss der Zertifizierung verkauft werden, werden als Entwicklungs-\/Forschungskits zu Evaluierungszwecken bereitgestellt.<\/p>\n<h3>EU-Plattform zur Online-Streitbeilegung<\/h3>\n<p>Die Europ\u00e4ische Kommission stellt eine Plattform zur Online-Streitbeilegung (OS) bereit:<br \/>\n<a href=\"https:\/\/ec.europa.eu\/consumers\/odr\/\" target=\"_blank\" rel=\"noopener\">https:\/\/ec.europa.eu\/consumers\/odr\/<\/a><\/p>\n<p>Wir sind weder bereit noch verpflichtet, an einem Streitbeilegungsverfahren vor einer Verbraucherschlichtungsstelle teilzunehmen.<\/p>\n<h3>Haftung f\u00fcr Inhalte<\/h3>\n<p>Als Diensteanbieter sind wir gem\u00e4\u00df \u00a7 7 Abs. 1 DDG f\u00fcr eigene Inhalte auf diesen Seiten nach den allgemeinen Gesetzen verantwortlich. Nach \u00a7\u00a7 8 bis 10 DDG sind wir als Diensteanbieter jedoch nicht verpflichtet, \u00fcbermittelte oder gespeicherte fremde Informationen zu \u00fcberwachen oder nach Umst\u00e4nden zu forschen, die auf eine rechtswidrige T\u00e4tigkeit hinweisen.<\/p>\n<p>Verpflichtungen zur Entfernung oder Sperrung der Nutzung von Informationen nach den allgemeinen Gesetzen bleiben hiervon unber\u00fchrt. Eine diesbez\u00fcgliche Haftung ist jedoch erst ab dem Zeitpunkt der Kenntnis einer konkreten Rechtsverletzung m\u00f6glich. Bei Bekanntwerden von entsprechenden Rechtsverletzungen werden wir diese Inhalte umgehend entfernen.<\/p>\n<h3>Haftung f\u00fcr Links<\/h3>\n<p>Unser Angebot enth\u00e4lt Links zu externen Websites Dritter, auf deren Inhalte wir keinen Einfluss haben. Deshalb k\u00f6nnen wir f\u00fcr diese fremden Inhalte auch keine Gew\u00e4hr \u00fcbernehmen. F\u00fcr die Inhalte der verlinkten Seiten ist stets der jeweilige Anbieter oder Betreiber der Seiten verantwortlich. Die verlinkten Seiten wurden zum Zeitpunkt der Verlinkung auf m\u00f6gliche Rechtsverst\u00f6\u00dfe \u00fcberpr\u00fcft. Rechtswidrige Inhalte waren zum Zeitpunkt der Verlinkung nicht erkennbar.<\/p>\n<p><em>Englische Version: <a href=\"\/legal-notice\/\">Legal Notice (Impressum)<\/a><\/em><\/p>","protected":false},"excerpt":{"rendered":"<p>Angaben gem\u00e4\u00df \u00a7 5 DDG (Digitale-Dienste-Gesetz) Betreiber der Website Jonas Dahl-Jasper Hertastra\u00dfe 2 14169 Berlin Deutschland Kontakt Telefon: +49 (0) 30 914 68 205 E-Mail: jd@bcmeter.org Umsatzsteuer-Identifikationsnummer USt-IdNr. gem\u00e4\u00df \u00a7 27a UStG: DE269425688 Verpackungsregistrierung Registriert bei der Zentralen Stelle Verpackungsregister (LUCID) gem\u00e4\u00df \u00a7 9 VerpackG:&nbsp;<a class=\"read-more\" href=\"https:\/\/bcmeter.org\/de\/impressum\/\">&hellip;<\/a><\/p>","protected":false},"author":1,"featured_media":0,"parent":0,"menu_order":0,"comment_status":"closed","ping_status":"closed","template":"","meta":{"footnotes":""},"class_list":["post-592","page","type-page","status-publish","hentry"],"_links":{"self":[{"href":"https:\/\/bcmeter.org\/de\/wp-json\/wp\/v2\/pages\/592","targetHints":{"allow":["GET"]}}],"collection":[{"href":"https:\/\/bcmeter.org\/de\/wp-json\/wp\/v2\/pages"}],"about":[{"href":"https:\/\/bcmeter.org\/de\/wp-json\/wp\/v2\/types\/page"}],"author":[{"embeddable":true,"href":"https:\/\/bcmeter.org\/de\/wp-json\/wp\/v2\/users\/1"}],"replies":[{"embeddable":true,"href":"https:\/\/bcmeter.org\/de\/wp-json\/wp\/v2\/comments?post=592"}],"version-history":[{"count":0,"href":"https:\/\/bcmeter.org\/de\/wp-json\/wp\/v2\/pages\/592\/revisions"}],"wp:attachment":[{"href":"https:\/\/bcmeter.org\/de\/wp-json\/wp\/v2\/media?parent=592"}],"curies":[{"name":"wp","href":"https:\/\/api.w.org\/{rel}","templated":true}]}}